{"id":22,"date":"2023-11-23T18:52:21","date_gmt":"2023-11-23T18:52:21","guid":{"rendered":"https:\/\/ecoseloenergia.com.br\/?page_id=22"},"modified":"2023-11-24T17:59:50","modified_gmt":"2023-11-24T17:59:50","slug":"home","status":"publish","type":"page","link":"https:\/\/ecoseloenergia.com.br\/","title":{"rendered":"HOME"},"content":{"rendered":"\n<div class=\"wp-block-cover alignfull is-light\" style=\"min-height:100vh;aspect-ratio:unset;\"><span aria-hidden=\"true\" class=\"wp-block-cover__background has-background-dim-20 has-background-dim\"><\/span><video class=\"wp-block-cover__video-background intrinsic-ignore\" autoplay muted loop playsinline src=\"https:\/\/ecoseloenergia.com.br\/wp-content\/uploads\/2023\/11\/e-c-o-selo-1.m4v\" data-object-fit=\"cover\"><\/video><div class=\"wp-block-cover__inner-container has-global-padding is-layout-constrained wp-block-cover-is-layout-constrained\">\n<h2 class=\"wp-block-heading has-text-align-center has-white-color has-text-color has-link-color wp-elements-081f7bf4d8fc94c72fffc9c969c6eff2\" style=\"font-size:clamp(14.642px, 0.915rem + ((1vw - 3.2px) * 0.651), 22px);font-style:normal;font-weight:200\">Seu neg\u00f3cio precisa reduzir custos com energia?<\/h2>\n\n\n\n<p class=\"has-text-align-center has-white-color has-text-color has-max-60-font-size\" style=\"font-style:normal;font-weight:900;line-height:1.2\"><strong>Economize at\u00e9 35% <\/strong><\/p>\n\n\n\n<p class=\"has-text-align-center has-white-color has-text-color has-link-color has-medium-font-size wp-elements-65736f74531ba20087d50c98579fac98\">A EcoSelo, em parceria com ATMO ENERGIA, garante essa economia<br>sem comprometer a qualidade!<\/p>\n\n\n\n<div style=\"height:55px\" aria-hidden=\"true\" class=\"wp-block-spacer\"><\/div>\n\n\n\n<div class=\"wp-block-buttons is-content-justification-center is-layout-flex wp-container-core-buttons-is-layout-a89b3969 wp-block-buttons-is-layout-flex\">\n<div class=\"wp-block-button is-style-outline is-style-outline--1\"><a class=\"wp-block-button__link has-white-color has-text-color wp-element-button\" href=\"https:\/\/wa.link\/rnnj5b\" style=\"border-radius:0px\" target=\"_blank\" rel=\"noreferrer noopener\">Saiba Mais <\/a><\/div>\n<\/div>\n<\/div><\/div>\n\n\n\n<div class=\"wp-block-group has-global-padding is-layout-constrained wp-block-group-is-layout-constrained\">\n<div style=\"height:30px\" aria-hidden=\"true\" class=\"wp-block-spacer\"><\/div>\n\n\n\n<h2 class=\"wp-block-heading has-text-align-center has-tertiary-color has-text-color has-link-color has-large-font-size wp-elements-b7ad6bd004a9bb6c807b6d69e1cc1cc3\" style=\"letter-spacing:1px\">Seu neg\u00f3cio precisa reduzir custos com energia?<\/h2>\n\n\n\n<div style=\"height:67px\" aria-hidden=\"true\" class=\"wp-block-spacer\"><\/div>\n\n\n\n<figure class=\"wp-block-video\"><video height=\"720\" style=\"aspect-ratio: 1280 \/ 720;\" width=\"1280\" autoplay loop muted src=\"https:\/\/ecoseloenergia.com.br\/wp-content\/uploads\/2023\/11\/Pexels-Videos-1508628-2160P1111.m4v\"><\/video><\/figure>\n\n\n\n<p class=\"has-text-align-center has-tertiary-color has-text-color has-link-color wp-elements-cb582cc728f350084a22b811d542e2c0\">N\u00f3s somos parceiros da Atmo Energia, focados em otimizar o consumo<br>energ\u00e9tico do seu neg\u00f3cio. Nosso objetivo \u00e9 reduzir a sua fatura.<br>N\u00e3o \u00e9 necess\u00e1rio investir para come\u00e7ar a economizar<\/p>\n<\/div>\n\n\n\n<div class=\"wp-block-group alignfull pattern_multiple_covers has-lightgrey-background-color has-background has-global-padding is-layout-constrained wp-block-group-is-layout-constrained\" id=\"services\">\n<div style=\"height:42px\" aria-hidden=\"true\" class=\"wp-block-spacer\"><\/div>\n\n\n\n<!--more-->\n\n\n\n<div style=\"height:40px\" aria-hidden=\"true\" class=\"wp-block-spacer\"><\/div>\n\n\n\n<p class=\"has-text-align-left has-text-color\" style=\"color:#f56e02;letter-spacing:1px\">OBJETIVO<\/p>\n\n\n\n<h2 class=\"wp-block-heading has-text-align-left has-tertiary-color has-text-color has-link-color wp-elements-ac993ed91710ec0883ab77c75a5cc4e3\">Energia que renova<\/h2>\n\n\n\n<p class=\"has-text-align-left has-tertiary-color has-text-color has-link-color wp-elements-779ec67f683112235bb7841270054e32\">Com a ATMO, voc\u00ea ter\u00e1 uma equipe especializada ao seu lado, com expertise em todas as fases do processo de comercializa\u00e7\u00e3o e gera\u00e7\u00e3o de energia, garantindo que voc\u00ea esteja preparado para enfrentar os desafios do mercado e aproveitar ao m\u00e1ximo as oportunidades que surgem.<\/p>\n\n\n\n<div style=\"height:46px\" aria-hidden=\"true\" class=\"wp-block-spacer\"><\/div>\n\n\n\n<h2 class=\"wp-block-heading has-text-color has-link-color wp-elements-70bdcf6670c0f7bc289a536683697f80\" style=\"color:#f56e02\">Consumidores                                           Geradores                                                  Comercializador <\/h2>\n\n\n\n<div class=\"wp-block-columns is-layout-flex wp-container-core-columns-is-layout-28f84493 wp-block-columns-is-layout-flex\">\n<div class=\"wp-block-column is-layout-flow wp-block-column-is-layout-flow\" style=\"padding-top:0;padding-right:0;padding-bottom:0;padding-left:0\">\n<div class=\"wp-block-cover has-custom-content-position is-position-bottom-left\" style=\"padding-top:var(--wp--preset--spacing--small);padding-right:var(--wp--preset--spacing--x-small);padding-bottom:var(--wp--preset--spacing--small);padding-left:var(--wp--preset--spacing--x-small)\"><span aria-hidden=\"true\" class=\"wp-block-cover__background has-primary-background-color has-background-dim-70 has-background-dim\"><\/span><img fetchpriority=\"high\" decoding=\"async\" width=\"804\" height=\"681\" class=\"wp-block-cover__image-background wp-image-55\" alt=\"\" src=\"https:\/\/ecoseloenergia.com.br\/wp-content\/uploads\/2023\/11\/1111.jpg\" data-object-fit=\"cover\"\/><div class=\"wp-block-cover__inner-container is-layout-flow wp-block-cover-is-layout-flow\">\n<ul class=\"wp-block-list\">\n<li>Redu\u00e7\u00e3o de custos significativa<\/li>\n\n\n\n<li>Or\u00e7amento previs\u00edvel e controlado<\/li>\n\n\n\n<li>Compromisso com a sustentabilidade<\/li>\n\n\n\n<li>Ferramentas de gest\u00e3o mais inovadora<\/li>\n<\/ul>\n<\/div><\/div>\n<\/div>\n\n\n\n<div class=\"wp-block-column is-layout-flow wp-block-column-is-layout-flow\" style=\"padding-top:0;padding-right:0;padding-bottom:0;padding-left:0\">\n<div class=\"wp-block-cover has-custom-content-position is-position-bottom-left\" style=\"padding-top:var(--wp--preset--spacing--small);padding-right:var(--wp--preset--spacing--x-small);padding-bottom:var(--wp--preset--spacing--small);padding-left:var(--wp--preset--spacing--x-small)\"><span aria-hidden=\"true\" class=\"wp-block-cover__background has-primary-background-color has-background-dim-70 has-background-dim\"><\/span><img decoding=\"async\" width=\"500\" height=\"500\" class=\"wp-block-cover__image-background wp-image-57\" alt=\"\" src=\"https:\/\/ecoseloenergia.com.br\/wp-content\/uploads\/2023\/11\/H-1.png\" data-object-fit=\"cover\"\/><div class=\"wp-block-cover__inner-container is-layout-flow wp-block-cover-is-layout-flow\">\n<ul class=\"wp-block-list\">\n<li>Gerenciamento de risco <\/li>\n\n\n\n<li>Estrat\u00e9gia de Compra e Venda<\/li>\n\n\n\n<li>Apoio Regulat\u00f3rio <\/li>\n\n\n\n<li>An\u00e1lises detalhadas e aprofundadas<\/li>\n<\/ul>\n<\/div><\/div>\n<\/div>\n\n\n\n<div class=\"wp-block-column is-layout-flow wp-block-column-is-layout-flow\" style=\"padding-top:0;padding-right:0;padding-bottom:0;padding-left:0\">\n<div class=\"wp-block-cover has-custom-content-position is-position-bottom-left\" style=\"padding-top:var(--wp--preset--spacing--small);padding-right:var(--wp--preset--spacing--x-small);padding-bottom:var(--wp--preset--spacing--small);padding-left:var(--wp--preset--spacing--x-small)\"><span aria-hidden=\"true\" class=\"wp-block-cover__background has-primary-background-color has-background-dim-70 has-background-dim\"><\/span><img decoding=\"async\" width=\"1288\" height=\"723\" class=\"wp-block-cover__image-background wp-image-58\" alt=\"\" src=\"https:\/\/ecoseloenergia.com.br\/wp-content\/uploads\/2023\/11\/Screenshot_122.png\" data-object-fit=\"cover\"\/><div class=\"wp-block-cover__inner-container is-layout-flow wp-block-cover-is-layout-flow\">\n<ul class=\"wp-block-list\">\n<li>Pre\u00e7o fixo; escalonado; PLD+\u00c1gio\/Des\u00e1gio<\/li>\n\n\n\n<li>Collar;<\/li>\n\n\n\n<li>Op\u00e7\u00e3o de Compra\/Venda; <\/li>\n<\/ul>\n<\/div><\/div>\n<\/div>\n<\/div>\n\n\n\n<div style=\"height:103px\" aria-hidden=\"true\" class=\"wp-block-spacer\"><\/div>\n<\/div>\n\n\n\n<div class=\"wp-block-group alignfull has-lightgrey-background-color has-background has-global-padding is-layout-constrained wp-block-group-is-layout-constrained\">\n<div class=\"wp-block-group has-lightgrey-background-color has-background has-global-padding is-layout-constrained wp-block-group-is-layout-constrained\" style=\"padding-top:var(--wp--preset--spacing--small);padding-bottom:var(--wp--preset--spacing--small)\">\n<div style=\"height:30px\" aria-hidden=\"true\" class=\"wp-block-spacer\"><\/div>\n\n\n\n<div class=\"wp-block-columns is-layout-flex wp-container-core-columns-is-layout-c375d253 wp-block-columns-is-layout-flex\">\n<div class=\"wp-block-column is-vertically-aligned-center is-layout-flow wp-block-column-is-layout-flow\">\n<p class=\"has-tertiary-color has-text-color has-link-color wp-elements-c60ab4bcc80bd5a824cfaa3e51ef126c\">MISS\u00c3O E VALORES<\/p>\n\n\n\n<h2 class=\"wp-block-heading has-text-color has-link-color wp-elements-3ca66a9469973c1592bb438af151473b\" id=\"headline-572-109\" style=\"color:#f56e02\">Qualidade e refer\u00eancia<\/h2>\n\n\n\n<p class=\"has-tertiary-color has-text-color has-link-color wp-elements-5a4fe5e31e56d42da3fdb05cfa497ff3\"><strong>Compromisso com a Excel\u00eancia e Sustentabilidade no Mercado de Energia<\/strong><\/p>\n\n\n\n<p class=\"has-tertiary-color has-text-color has-link-color wp-elements-1fe1c6d45bcbf8bb24f82ec778a1e56d\"><br>Na ess\u00eancia de nossa miss\u00e3o, almejamos n\u00e3o apenas ser uma refer\u00eancia de conduta exemplar, mas tamb\u00e9m forjar parcerias s\u00f3lidas que transcendem o convencional. Nosso compromisso reside em promover o crescimento m\u00fatuo, onde a busca incessante por resultados coexiste harmoniosamente com nosso constante aprimoramento profissional e renova\u00e7\u00e3o de pensamentos.<\/p>\n\n\n\n<div class=\"wp-block-buttons is-horizontal is-content-justification-left is-layout-flex wp-container-core-buttons-is-layout-20be11b6 wp-block-buttons-is-layout-flex\">\n<div class=\"wp-block-button is-style-outline is-style-outline--2\"><a class=\"wp-block-button__link wp-element-button\" href=\"https:\/\/wa.link\/rnnj5b\" style=\"border-radius:0px\" target=\"_blank\" rel=\"noreferrer noopener\">Fale com Especialista<\/a><\/div>\n<\/div>\n<\/div>\n\n\n\n<div class=\"wp-block-column is-layout-flow wp-block-column-is-layout-flow\">\n<figure class=\"wp-block-image size-full is-resized\"><img loading=\"lazy\" decoding=\"async\" width=\"626\" height=\"417\" src=\"https:\/\/ecoseloenergia.com.br\/wp-content\/uploads\/2023\/11\/image.png\" alt=\"\" class=\"wp-image-59\" style=\"width:734px;height:auto\"\/><\/figure>\n<\/div>\n<\/div>\n\n\n\n<div style=\"height:30px\" aria-hidden=\"true\" class=\"wp-block-spacer\"><\/div>\n<\/div>\n<\/div>\n\n\n\n<div class=\"wp-block-group alignfull has-lightgrey-background-color has-background has-global-padding is-layout-constrained wp-block-group-is-layout-constrained\">\n<div class=\"wp-block-group has-global-padding is-layout-constrained wp-block-group-is-layout-constrained\" style=\"padding-top:var(--wp--preset--spacing--small);padding-bottom:var(--wp--preset--spacing--small)\">\n<div style=\"height:30px\" aria-hidden=\"true\" class=\"wp-block-spacer\"><\/div>\n\n\n\n<div class=\"wp-block-columns are-vertically-aligned-center is-layout-flex wp-container-core-columns-is-layout-c375d253 wp-block-columns-is-layout-flex\">\n<div class=\"wp-block-column is-vertically-aligned-center is-layout-flow wp-block-column-is-layout-flow\">\n<figure class=\"wp-block-image size-full is-resized\"><img loading=\"lazy\" decoding=\"async\" width=\"804\" height=\"681\" src=\"https:\/\/ecoseloenergia.com.br\/wp-content\/uploads\/2023\/11\/shutterstock_1987470485.jpg\" alt=\"\" class=\"wp-image-32\" style=\"width:597px;height:auto\"\/><\/figure>\n<\/div>\n\n\n\n<div class=\"wp-block-column is-vertically-aligned-center is-layout-flow wp-block-column-is-layout-flow\">\n<p class=\"has-text-color has-link-color wp-elements-3629b7833fe86192262324bd2bf1e95e\" style=\"color:#f56e02\"><strong>Elevando o Padr\u00e3o do Setor<\/strong><\/p>\n\n\n\n<p class=\"has-text-align-left has-tertiary-color has-text-color has-link-color wp-elements-d03ff194a98e160259b7545c253c414e\" style=\"font-style:normal;font-weight:200\">Somos impulsionados por uma vis\u00e3o audaciosa &#8211; tornar-nos a comercializadora exemplar, s\u00f3lida e id\u00f4nea, cujo crescimento \u00e9 pautado na solidez estruturada. Nossa dedica\u00e7\u00e3o reflete-se n\u00e3o apenas em palavras, mas em investimentos cont\u00ednuos em tecnologia de ponta, no desenvolvimento de nosso capital humano e na promo\u00e7\u00e3o de energias renov\u00e1veis.<\/p>\n\n\n\n<div class=\"wp-block-buttons is-layout-flex wp-block-buttons-is-layout-flex\">\n<div class=\"wp-block-button is-style-outline is-style-outline--3\"><a class=\"wp-block-button__link wp-element-button\" href=\"https:\/\/wa.link\/rnnj5b\" style=\"border-radius:0px\" target=\"_blank\" rel=\"noreferrer noopener\">SAIBA MAIS<\/a><\/div>\n<\/div>\n<\/div>\n<\/div>\n\n\n\n<div style=\"height:30px\" aria-hidden=\"true\" class=\"wp-block-spacer\"><\/div>\n<\/div>\n<\/div>\n\n\n\n<div class=\"wp-block-group alignfull portfolio-dark has-tertiary-background-color has-background has-global-padding is-layout-constrained wp-block-group-is-layout-constrained\" id=\"portfolio\" style=\"margin-top:0px\">\n<div class=\"wp-block-group has-global-padding is-layout-constrained wp-block-group-is-layout-constrained\">\n<div class=\"wp-block-group is-layout-flow wp-block-group-is-layout-flow\">\n<div style=\"height:42px\" aria-hidden=\"true\" class=\"wp-block-spacer\"><\/div>\n\n\n\n<h2 class=\"wp-block-heading has-lightgrey-color has-text-color has-link-color has-large-font-size wp-elements-c72a0cb7432126734c8ce4ce8e93fa94\">Depoimentos <\/h2>\n\n\n\n<div class=\"wp-block-columns is-layout-flex wp-container-core-columns-is-layout-28f84493 wp-block-columns-is-layout-flex\">\n<div class=\"wp-block-column is-style-shadow has-background is-layout-flow wp-block-column-is-layout-flow\" style=\"border-style:none;border-width:0px;background-color:#f4f5f8;padding-top:30px;padding-right:30px;padding-bottom:30px;padding-left:30px\">\n<p style=\"font-size:12px\">&#8220;A transi\u00e7\u00e3o para a Atmo em conjunto com a EcoSelo foi uma jogada estrat\u00e9gica para nossa empresa. No primeiro m\u00eas, a economia de 35% em nossa fatura de energia foi al\u00e9m das nossas expectativas. O que torna isso ainda mais incr\u00edvel \u00e9 que n\u00e3o tivemos que fazer nenhum investimento inicial para desfrutar desses benef\u00edcios. Essa economia financeira substancial permitiu que canaliz\u00e1ssemos recursos para \u00e1reas cruciais de nossa empresa, como pesquisa, desenvolvimento e expans\u00e3o de equipe. Estamos entusiasmados com os resultados at\u00e9 agora e ansiosos para o que o futuro reserva com essa parceria excepcional.&#8221;<\/p>\n\n\n\n<div class=\"wp-block-group has-global-padding is-layout-constrained wp-block-group-is-layout-constrained\">\n<div class=\"wp-block-columns are-vertically-aligned-center is-layout-flex wp-container-core-columns-is-layout-28f84493 wp-block-columns-is-layout-flex\">\n<div class=\"wp-block-column is-vertically-aligned-center is-layout-flow wp-block-column-is-layout-flow\" style=\"flex-basis:100px\">\n<figure class=\"wp-block-image size-full is-resized\"><img decoding=\"async\" src=\"https:\/\/ecoseloenergia.com.br\/wp-content\/themes\/inspiro\/assets\/images\/Ellipse-2.png\" alt=\"\" class=\"wp-image-96\"\/><\/figure>\n<\/div>\n\n\n\n<div class=\"wp-block-column is-vertically-aligned-center is-layout-flow wp-block-column-is-layout-flow\">\n<p class=\"has-foreground-color has-text-color\"><strong>Maria Oliveira<\/strong><\/p>\n<\/div>\n<\/div>\n<\/div>\n<\/div>\n\n\n\n<div class=\"wp-block-column is-style-shadow has-background is-layout-flow wp-block-column-is-layout-flow\" style=\"border-style:none;border-width:0px;background-color:#f4f5f8;padding-top:30px;padding-right:30px;padding-bottom:30px;padding-left:30px\">\n<p style=\"font-size:12px\">&#8220;Desde que mudamos para a parceria de fornecimento de energia entre a Atmo e a EcoSelo, nossa empresa deu um salto extraordin\u00e1rio. Logo no primeiro m\u00eas, economizamos surpreendentes 35% em nossa fatura de energia. O mais incr\u00edvel \u00e9 que essa economia n\u00e3o exigiu nenhum investimento inicial de nossa parte. Essa liberdade financeira permitiu que redireccion\u00e1ssemos recursos significativos para o crescimento e inova\u00e7\u00e3o em nossa empresa. Estamos extremamente satisfeitos com essa parceria, que n\u00e3o apenas nos trouxe efici\u00eancia energ\u00e9tica, mas tamb\u00e9m impulsionou nosso desenvolvimento empresarial.&#8221;<\/p>\n\n\n\n<div class=\"wp-block-columns are-vertically-aligned-center is-layout-flex wp-container-core-columns-is-layout-28f84493 wp-block-columns-is-layout-flex\">\n<div class=\"wp-block-column is-vertically-aligned-center is-layout-flow wp-block-column-is-layout-flow\" style=\"flex-basis:100px\">\n<figure class=\"wp-block-image size-full is-resized\"><img decoding=\"async\" src=\"https:\/\/ecoseloenergia.com.br\/wp-content\/themes\/inspiro\/assets\/images\/Ellipse-3.png\" alt=\"\" class=\"wp-image-105\"\/><\/figure>\n<\/div>\n\n\n\n<div class=\"wp-block-column is-vertically-aligned-center is-layout-flow wp-block-column-is-layout-flow\">\n<p class=\"has-foreground-color has-text-color\"><strong><strong>James Schneider<\/strong><\/strong><br><\/p>\n<\/div>\n<\/div>\n<\/div>\n<\/div>\n\n\n\n<p class=\"has-text-align-center has-white-color has-text-color has-link-color wp-elements-7a057590585ed828406b83b7414ad71b\">E para atender \u00e0s necessidades no mercado de energia, temos a ATMO Energia, um bra\u00e7o de comercializa\u00e7\u00e3o. Atuamos em todas as vertentes do Ambiente de Contrata\u00e7\u00e3o Livre, Gest\u00e3o e Comercializa\u00e7\u00e3o, oferecendo solu\u00e7\u00f5es inteligentes e flex\u00edveis para voc\u00ea.<\/p>\n<\/div>\n<\/div>\n\n\n\n<div style=\"height:44px\" aria-hidden=\"true\" class=\"wp-block-spacer\"><\/div>\n\n\n\n<div style=\"height:50px\" aria-hidden=\"true\" class=\"wp-block-spacer\"><\/div>\n<\/div>\n\n\n\n<div id=\"team\" class=\"wp-block-group has-global-padding is-layout-constrained wp-block-group-is-layout-constrained\">\n<div class=\"wp-block-group is-layout-flow wp-block-group-is-layout-flow\">\n<div style=\"height:0px\" aria-hidden=\"true\" class=\"wp-block-spacer\"><\/div>\n\n\n\n<div style=\"height:63px\" aria-hidden=\"true\" class=\"wp-block-spacer\"><\/div>\n\n\n\n<div class=\"wp-block-buttons is-content-justification-center is-layout-flex wp-container-core-buttons-is-layout-a89b3969 wp-block-buttons-is-layout-flex\">\n<div class=\"wp-block-button is-style-outline is-style-outline--4\"><a class=\"wp-block-button__link wp-element-button\" href=\"https:\/\/wa.link\/rnnj5b\" style=\"border-radius:0px\" target=\"_blank\" rel=\"noreferrer noopener\">Fale com Especialista<\/a><\/div>\n<\/div>\n\n\n\n<div style=\"height:81px\" aria-hidden=\"true\" class=\"wp-block-spacer\"><\/div>\n<\/div>\n<\/div>\n","protected":false},"excerpt":{"rendered":"<p>Seu neg\u00f3cio precisa reduzir custos com energia? N\u00f3s somos parceiros da Atmo Energia, focados em otimizar o consumoenerg\u00e9tico do seu neg\u00f3cio. Nosso objetivo \u00e9 reduzir a sua fatura.N\u00e3o \u00e9 necess\u00e1rio investir para come\u00e7ar a economizar<\/p>\n","protected":false},"author":1,"featured_media":0,"parent":0,"menu_order":0,"comment_status":"closed","ping_status":"closed","template":"page-templates\/homepage-no-hero.php","meta":{"content-type":"","inspiro_hide_title":false,"footnotes":""},"class_list":["post-22","page","type-page","status-publish","hentry"],"featured_media_urls":[],"_links":{"self":[{"href":"https:\/\/ecoseloenergia.com.br\/index.php\/wp-json\/wp\/v2\/pages\/22","targetHints":{"allow":["GET"]}}],"collection":[{"href":"https:\/\/ecoseloenergia.com.br\/index.php\/wp-json\/wp\/v2\/pages"}],"about":[{"href":"https:\/\/ecoseloenergia.com.br\/index.php\/wp-json\/wp\/v2\/types\/page"}],"author":[{"embeddable":true,"href":"https:\/\/ecoseloenergia.com.br\/index.php\/wp-json\/wp\/v2\/users\/1"}],"replies":[{"embeddable":true,"href":"https:\/\/ecoseloenergia.com.br\/index.php\/wp-json\/wp\/v2\/comments?post=22"}],"version-history":[{"count":23,"href":"https:\/\/ecoseloenergia.com.br\/index.php\/wp-json\/wp\/v2\/pages\/22\/revisions"}],"predecessor-version":[{"id":156,"href":"https:\/\/ecoseloenergia.com.br\/index.php\/wp-json\/wp\/v2\/pages\/22\/revisions\/156"}],"wp:attachment":[{"href":"https:\/\/ecoseloenergia.com.br\/index.php\/wp-json\/wp\/v2\/media?parent=22"}],"curies":[{"name":"wp","href":"https:\/\/api.w.org\/{rel}","templated":true}]}}