{"id":3,"date":"2023-11-23T17:16:42","date_gmt":"2023-11-23T17:16:42","guid":{"rendered":"https:\/\/ecoseloenergia.com.br\/?page_id=3"},"modified":"2023-11-24T07:05:39","modified_gmt":"2023-11-24T07:05:39","slug":"parceira-atmo-mercado-de-energia-livre","status":"publish","type":"page","link":"https:\/\/ecoseloenergia.com.br\/index.php\/parceira-atmo-mercado-de-energia-livre\/","title":{"rendered":"PARCEIRA ATMO"},"content":{"rendered":"\n<h2 class=\"wp-block-heading has-tertiary-color has-text-color has-link-color wp-elements-691a208804600053fbef2b6822270f42\">Conhe\u00e7a a Atmo Energia <\/h2>\n\n\n\n<div class=\"wp-block-group alignfull is-layout-flow wp-container-core-group-is-layout-c4d5c1b7 wp-block-group-is-layout-flow\" id=\"cover\" style=\"margin-top:0px;margin-bottom:0px\">\n<div class=\"wp-block-cover alignfull is-light\" style=\"min-height:549px;aspect-ratio:unset;\"><span aria-hidden=\"true\" class=\"wp-block-cover__background has-black-background-color has-background-dim\"><\/span><video class=\"wp-block-cover__video-background intrinsic-ignore\" autoplay muted loop playsinline src=\"https:\/\/ecoseloenergia.com.br\/wp-content\/uploads\/2023\/11\/e-c-o-selo-1.m4v\" data-object-fit=\"cover\"><\/video><div class=\"wp-block-cover__inner-container has-global-padding is-layout-constrained wp-block-cover-is-layout-constrained\">\n<div class=\"wp-block-group has-global-padding is-layout-constrained wp-container-core-group-is-layout-4383d167 wp-block-group-is-layout-constrained\">\n<figure class=\"wp-block-image aligncenter size-full is-resized is-style-default wp-duotone-ffffff-ffffff-1\"><img fetchpriority=\"high\" decoding=\"async\" width=\"1886\" height=\"1202\" src=\"https:\/\/ecoseloenergia.com.br\/wp-content\/uploads\/2023\/11\/LOGO-ATMO-ENERGIA.png\" alt=\"\" class=\"wp-image-117\" style=\"width:573px;height:auto\"\/><\/figure>\n\n\n\n<div style=\"height:31px\" aria-hidden=\"true\" class=\"wp-block-spacer\"><\/div>\n\n\n\n<div class=\"wp-block-buttons is-content-justification-center is-layout-flex wp-container-core-buttons-is-layout-a89b3969 wp-block-buttons-is-layout-flex\">\n<div class=\"wp-block-button is-style-fill\" style=\"text-transform:uppercase\"><a class=\"wp-block-button__link has-background has-text-align-center wp-element-button\" href=\"https:\/\/atmoenergia.com.br\/quem-somos\/\" style=\"border-radius:0px;background-color:#f56e02\" target=\"_blank\" rel=\"noreferrer noopener\">SAIBA MAIS<\/a><\/div>\n<\/div>\n<\/div>\n<\/div><\/div>\n<\/div>\n\n\n\n<p>Somos uma empresa de RA\u00cdZES FORTES<\/p>\n\n\n\n<h2 class=\"wp-block-heading has-text-color has-link-color wp-elements-d0a2e35209857660fbdfc6d0ccaaec57\" style=\"color:#f56e02;line-height:0.6\">A Trajet\u00f3ria da Atmo<br><\/h2>\n\n\n\n<p>A ATMO Energia \u00e9 uma empresa de energia el\u00e9trica fundada em 2015 e que atua na comercializa\u00e7\u00e3o, consultoria e assessoria. Com escrit\u00f3rios em S\u00e3o Paulo e Belo Horizonte, oferecemos atendimento \u00e1gil e seguro em todo o pa\u00eds. A nossa equipe \u00e9 composta por profissionais com mais de 10 anos de experi\u00eancia, especialistas no mercado de energia. Prestamos servi\u00e7os experientes e qualificados no mercado de energia, prestamos servi\u00e7os a consumidores e geradores no Ambiente de Contrata\u00e7\u00e3o Livre. Al\u00e9m disso, a ATMO tamb\u00e9m auxilia na migra\u00e7\u00e3o de grandes consumidores para o mercado livre, reduzindo seus custos com energia el\u00e9trica. Como parte do Grupo CEI, a empresa possui ra\u00edzes no segmento de gera\u00e7\u00e3o de energia, controlando empreendimentos hidrel\u00e9tricos em Minas Gerais.<\/p>\n\n\n\n<h2 class=\"wp-block-heading has-text-color has-link-color wp-elements-9599dbcf2da1c5113545651b59d982f4\" style=\"color:#f56e02\">Energia inteligente<\/h2>\n\n\n\n<p>H\u00e1 mais de uma d\u00e9cada no setor el\u00e9trico, a CEI \u00e9 uma produtora de energia independente que se destaca em Minas Gerais. Com 23 usinas hidrel\u00e9tricas em pleno funcionamento, alcan\u00e7amos uma impressionante pot\u00eancia instalada de 125 MW. Mas n\u00e3o paramos por a\u00ed! Nosso foco tamb\u00e9m est\u00e1 no desenvolvimento de projetos h\u00eddricos e solares, somando um portf\u00f3lio com 17 projetos em diferentes fases de implementa\u00e7\u00e3o.<\/p>\n\n\n\n<p>E para atender \u00e0s necessidades no mercado de energia, temos a ATMO Energia, um bra\u00e7o de comercializa\u00e7\u00e3o. Atuamos em todas as vertentes do Ambiente de Contrata\u00e7\u00e3o Livre, Gest\u00e3o e Comercializa\u00e7\u00e3o, oferecendo solu\u00e7\u00f5es inteligentes e flex\u00edveis para voc\u00ea.<\/p>\n\n\n\n<figure class=\"wp-block-image alignfull size-full\"><img decoding=\"async\" width=\"900\" height=\"504\" src=\"https:\/\/ecoseloenergia.com.br\/wp-content\/uploads\/2023\/11\/high-voltage-electric-transmission-tower-sunset-generative-ai_61243-4693.jpg\" alt=\"\" class=\"wp-image-118\"\/><\/figure>\n\n\n\n<h2 class=\"wp-block-heading has-text-color has-link-color wp-elements-519aab431d66e82f40b44d7a7b8f7826\" style=\"color:#f56e02\">Energia que renova<\/h2>\n\n\n\n<p class=\"has-tertiary-color has-text-color has-link-color wp-elements-68ae9e1173c2eda12d7f0b0eb0794ebd\"><strong class=\"privacy-policy-tutorial\">OBJETIVO: <\/strong>Com a ATMO, voc\u00ea ter\u00e1 uma equipe especializada ao seu lado, com expertise em todas as fases do processo de comercializa\u00e7\u00e3o e gera\u00e7\u00e3o de energia, garantindo que voc\u00ea esteja preparado para enfrentar os desafios do mercado e aproveitar ao m\u00e1ximo as oportunidades que surgem.<\/p>\n\n\n\n<p>MISS\u00c3O E VALORES<\/p>\n\n\n\n<h2 class=\"wp-block-heading has-text-color has-link-color wp-elements-55b32a9228a902114a73b304814d118e\" style=\"color:#f56e02;line-height:0.3\">Qualidade e refer\u00eancia<br><\/h2>\n\n\n\n<p>Nossa miss\u00e3o \u00e9 ser uma refer\u00eancia de boa conduta e estabelecer parcerias que promovam o crescimento m\u00fatuo. Buscamos conscientemente gerar resultados enquanto nos atualizamos profissionalmente e reciclamos nossos pensamentos. Contribu\u00edmos para o crescimento da classe das comercializadoras, aumentando a liquidez do setor. Ao mesmo tempo, nossa vis\u00e3o \u00e9 ser uma comercializadora s\u00f3lida e id\u00f4nea, que cresce de forma estruturada. Realizamos investimentos constantes em tecnologia, capital humano e energias renov\u00e1veis, ajudando o pa\u00eds a crescer de maneira sustent\u00e1vel. Juntos, estamos comprometidos em impulsionar a prosperidade e a sustentabilidade do setor, liderando pelo exemplo e promovendo um futuro pr\u00f3spero para todos.<\/p>\n\n\n\n<div style=\"height:117px\" aria-hidden=\"true\" class=\"wp-block-spacer\"><\/div>\n","protected":false},"excerpt":{"rendered":"<p>Conhe\u00e7a a Atmo Energia Somos uma empresa de RA\u00cdZES FORTES A Trajet\u00f3ria da Atmo A ATMO Energia \u00e9 uma empresa de energia el\u00e9trica fundada em 2015 e que atua na comercializa\u00e7\u00e3o, consultoria e assessoria. Com escrit\u00f3rios em S\u00e3o Paulo e Belo Horizonte, oferecemos atendimento \u00e1gil e seguro em todo o pa\u00eds. A nossa equipe \u00e9 &hellip; <\/p>\n<p class=\"link-more\"><a href=\"https:\/\/ecoseloenergia.com.br\/index.php\/parceira-atmo-mercado-de-energia-livre\/\" class=\"more-link\">Leia mais<span class=\"screen-reader-text\"> &#8220;PARCEIRA ATMO&#8221;<\/span><\/a><\/p>\n","protected":false},"author":1,"featured_media":0,"parent":0,"menu_order":0,"comment_status":"closed","ping_status":"closed","template":"","meta":{"content-type":"","inspiro_hide_title":false,"footnotes":""},"class_list":["post-3","page","type-page","status-publish","hentry"],"featured_media_urls":[],"_links":{"self":[{"href":"https:\/\/ecoseloenergia.com.br\/index.php\/wp-json\/wp\/v2\/pages\/3","targetHints":{"allow":["GET"]}}],"collection":[{"href":"https:\/\/ecoseloenergia.com.br\/index.php\/wp-json\/wp\/v2\/pages"}],"about":[{"href":"https:\/\/ecoseloenergia.com.br\/index.php\/wp-json\/wp\/v2\/types\/page"}],"author":[{"embeddable":true,"href":"https:\/\/ecoseloenergia.com.br\/index.php\/wp-json\/wp\/v2\/users\/1"}],"replies":[{"embeddable":true,"href":"https:\/\/ecoseloenergia.com.br\/index.php\/wp-json\/wp\/v2\/comments?post=3"}],"version-history":[{"count":2,"href":"https:\/\/ecoseloenergia.com.br\/index.php\/wp-json\/wp\/v2\/pages\/3\/revisions"}],"predecessor-version":[{"id":119,"href":"https:\/\/ecoseloenergia.com.br\/index.php\/wp-json\/wp\/v2\/pages\/3\/revisions\/119"}],"wp:attachment":[{"href":"https:\/\/ecoseloenergia.com.br\/index.php\/wp-json\/wp\/v2\/media?parent=3"}],"curies":[{"name":"wp","href":"https:\/\/api.w.org\/{rel}","templated":true}]}}